{"id":13,"date":"2020-10-20T15:45:14","date_gmt":"2020-10-20T15:45:14","guid":{"rendered":"https:\/\/startertemplatecloud.com\/e03\/?page_id=13"},"modified":"2025-11-21T21:21:15","modified_gmt":"2025-11-21T20:21:15","slug":"kontakt","status":"publish","type":"page","link":"https:\/\/visionlive.klikkulture.com\/?page_id=13","title":{"rendered":"Kontakt"},"content":{"rendered":"\t\t<div data-elementor-type=\"wp-page\" data-elementor-id=\"13\" class=\"elementor elementor-13\">\n\t\t\t\t\t\t<section class=\"elementor-section elementor-top-section elementor-element elementor-element-7c883754 elementor-section-boxed elementor-section-height-default elementor-section-height-default\" data-id=\"7c883754\" data-element_type=\"section\">\n\t\t\t\t\t\t<div class=\"elementor-container elementor-column-gap-default\">\n\t\t\t\t\t<div class=\"elementor-column elementor-col-100 elementor-top-column elementor-element elementor-element-2dfbc308\" data-id=\"2dfbc308\" data-element_type=\"column\">\n\t\t\t<div class=\"elementor-widget-wrap elementor-element-populated\">\n\t\t\t\t\t\t<div class=\"elementor-element elementor-element-1b76d053 elementor-widget elementor-widget-heading\" data-id=\"1b76d053\" data-element_type=\"widget\" data-widget_type=\"heading.default\">\n\t\t\t\t\t<h2 class=\"elementor-heading-title elementor-size-default\"><a href=\"http:\/\/yelian811@gmail.com\">Kontaktieren Sie mich<\/a><\/h2>\t\t\t\t<\/div>\n\t\t\t\t<div class=\"elementor-element elementor-element-2187a4ff elementor-widget elementor-widget-text-editor\" data-id=\"2187a4ff\" data-element_type=\"widget\" data-widget_type=\"text-editor.default\">\n\t\t\t\t\t\t\t\t\t<p>Sehnen Sie sich nach Klarheit, Vers\u00f6hnung oder Harmonie? Schreiben Sie mir. Ich werde Ihnen so bald wie m\u00f6glich antworten und Ihnen aufrichtige Beratung und spirituelle L\u00f6sungen anbieten, die auf Ihre Situation zugeschnitten sind.<\/p>\t\t\t\t\t\t\t\t<\/div>\n\t\t\t\t\t<\/div>\n\t\t<\/div>\n\t\t\t\t\t<\/div>\n\t\t<\/section>\n\t\t\t\t<section class=\"elementor-section elementor-top-section elementor-element elementor-element-ab0d4fa elementor-section-boxed elementor-section-height-default elementor-section-height-default\" data-id=\"ab0d4fa\" data-element_type=\"section\">\n\t\t\t\t\t\t<div class=\"elementor-container elementor-column-gap-default\">\n\t\t\t\t\t<div class=\"elementor-column elementor-col-50 elementor-top-column elementor-element elementor-element-2d422b80\" data-id=\"2d422b80\" data-element_type=\"column\" data-settings=\"{&quot;background_background&quot;:&quot;classic&quot;}\">\n\t\t\t<div class=\"elementor-widget-wrap elementor-element-populated\">\n\t\t\t\t\t\t<section class=\"elementor-section elementor-inner-section elementor-element elementor-element-2c3a57f6 elementor-section-boxed elementor-section-height-default elementor-section-height-default\" data-id=\"2c3a57f6\" data-element_type=\"section\" data-settings=\"{&quot;background_background&quot;:&quot;classic&quot;}\">\n\t\t\t\t\t\t<div class=\"elementor-container elementor-column-gap-default\">\n\t\t\t\t\t<div class=\"elementor-column elementor-col-100 elementor-inner-column elementor-element elementor-element-1c2d77d3\" data-id=\"1c2d77d3\" data-element_type=\"column\" data-settings=\"{&quot;background_background&quot;:&quot;classic&quot;}\">\n\t\t\t<div class=\"elementor-widget-wrap elementor-element-populated\">\n\t\t\t\t\t\t<div class=\"elementor-element elementor-element-4ad09d1 elementor-widget elementor-widget-wpforms\" data-id=\"4ad09d1\" data-element_type=\"widget\" data-widget_type=\"wpforms.default\">\n\t\t\t\t<div class=\"elementor-widget-container\">\n\t\t\t\t\t<div class=\"wpforms-container wpforms-container-full wpforms-render-modern\" id=\"wpforms-1056\"><form id=\"wpforms-form-1056\" class=\"wpforms-validate wpforms-form wpforms-ajax-form\" data-formid=\"1056\" method=\"post\" enctype=\"multipart\/form-data\" action=\"\/index.php?rest_route=%2Fwp%2Fv2%2Fpages%2F13\" data-token=\"8418dd9dbc55d21f9ca9d9ab32058f9f\" data-token-time=\"1776601521\"><noscript class=\"wpforms-error-noscript\">Veuillez activer JavaScript dans votre navigateur pour remplir ce formulaire.<\/noscript><div id=\"wpforms-error-noscript\" style=\"display: none;\">Veuillez activer JavaScript dans votre navigateur pour remplir ce formulaire.<\/div><div class=\"wpforms-field-container\">\t\t<div id=\"wpforms-1056-field_4-container\"\n\t\t\tclass=\"wpforms-field wpforms-field-text\"\n\t\t\tdata-field-type=\"text\"\n\t\t\tdata-field-id=\"4\"\n\t\t\t>\n\t\t\t<label class=\"wpforms-field-label\" for=\"wpforms-1056-field_4\" >Multiple Nachricht Vorname<\/label>\n\t\t\t<input type=\"text\" id=\"wpforms-1056-field_4\" class=\"wpforms-field-medium\" name=\"wpforms[fields][4]\" >\n\t\t<\/div>\n\t\t<div id=\"wpforms-1056-field_1-container\" class=\"wpforms-field wpforms-field-name\" data-field-id=\"1\"><fieldset><legend class=\"wpforms-field-label\">Vorname <span class=\"wpforms-required-label\" aria-hidden=\"true\">*<\/span><\/legend><div class=\"wpforms-field-row wpforms-field-medium\"><div class=\"wpforms-field-row-block wpforms-first wpforms-one-half\"><input type=\"text\" id=\"wpforms-1056-field_1\" class=\"wpforms-field-name-first wpforms-field-required\" name=\"wpforms[fields][1][first]\" aria-errormessage=\"wpforms-1056-field_1-error\" required><label for=\"wpforms-1056-field_1\" class=\"wpforms-field-sublabel after wpforms-sublabel-hide\">Pr\u00e9nom<\/label><\/div><div class=\"wpforms-field-row-block wpforms-one-half\"><input type=\"text\" id=\"wpforms-1056-field_1-last\" class=\"wpforms-field-name-last wpforms-field-required\" name=\"wpforms[fields][1][last]\" aria-errormessage=\"wpforms-1056-field_1-last-error\" required><label for=\"wpforms-1056-field_1-last\" class=\"wpforms-field-sublabel after wpforms-sublabel-hide\">Nom<\/label><\/div><\/div><\/fieldset><\/div><div id=\"wpforms-1056-field_2-container\" class=\"wpforms-field wpforms-field-email\" data-field-id=\"2\"><label class=\"wpforms-field-label\" for=\"wpforms-1056-field_2\">E-mail <span class=\"wpforms-required-label\" aria-hidden=\"true\">*<\/span><\/label><input type=\"email\" id=\"wpforms-1056-field_2\" class=\"wpforms-field-medium wpforms-field-required\" name=\"wpforms[fields][2]\" spellcheck=\"false\" aria-errormessage=\"wpforms-1056-field_2-error\" required><\/div><div id=\"wpforms-1056-field_7-container\" class=\"wpforms-field wpforms-field-radio\" data-field-id=\"7\"><fieldset><legend class=\"wpforms-field-label\">Multiple Choice<\/legend><ul id=\"wpforms-1056-field_7\"><li class=\"choice-1 depth-1\"><input type=\"radio\" id=\"wpforms-1056-field_7_1\" name=\"wpforms[fields][7]\" value=\"Bring den geliebten Menschen zur\u00fcck\" aria-errormessage=\"wpforms-1056-field_7_1-error\"  ><label class=\"wpforms-field-label-inline\" for=\"wpforms-1056-field_7_1\">Bring den geliebten Menschen zur\u00fcck<\/label><\/li><li class=\"choice-2 depth-1\"><input type=\"radio\" id=\"wpforms-1056-field_7_2\" name=\"wpforms[fields][7]\" value=\"Sofortige R\u00fcckkehr eines ehemaligen Partners\" aria-errormessage=\"wpforms-1056-field_7_2-error\"  ><label class=\"wpforms-field-label-inline\" for=\"wpforms-1056-field_7_2\">Sofortige R\u00fcckkehr eines ehemaligen Partners<\/label><\/li><li class=\"choice-3 depth-1\"><input type=\"radio\" id=\"wpforms-1056-field_7_3\" name=\"wpforms[fields][7]\" value=\"Eine eingeschlafene Liebe wiederbeleben\" aria-errormessage=\"wpforms-1056-field_7_3-error\"  ><label class=\"wpforms-field-label-inline\" for=\"wpforms-1056-field_7_3\">Eine eingeschlafene Liebe wiederbeleben<\/label><\/li><li class=\"choice-4 depth-1\"><input type=\"radio\" id=\"wpforms-1056-field_7_4\" name=\"wpforms[fields][7]\" value=\"Um jemanden zur\u00fcckzugewinnen, der sich entfernt hat\" aria-errormessage=\"wpforms-1056-field_7_4-error\"  ><label class=\"wpforms-field-label-inline\" for=\"wpforms-1056-field_7_4\">Um jemanden zur\u00fcckzugewinnen, der sich entfernt hat<\/label><\/li><li class=\"choice-5 depth-1\"><input type=\"radio\" id=\"wpforms-1056-field_7_5\" name=\"wpforms[fields][7]\" value=\"Schutz des Paares\" aria-errormessage=\"wpforms-1056-field_7_5-error\"  ><label class=\"wpforms-field-label-inline\" for=\"wpforms-1056-field_7_5\">Schutz des Paares<\/label><\/li><\/ul><\/fieldset><\/div><div id=\"wpforms-1056-field_3-container\" class=\"wpforms-field wpforms-field-textarea\" data-field-id=\"3\"><label class=\"wpforms-field-label\" for=\"wpforms-1056-field_3\">Kommentar oder Nachricht <span class=\"wpforms-required-label\" aria-hidden=\"true\">*<\/span><\/label><textarea id=\"wpforms-1056-field_3\" class=\"wpforms-field-medium wpforms-field-required\" name=\"wpforms[fields][3]\" aria-errormessage=\"wpforms-1056-field_3-error\" required><\/textarea><\/div><script>\n\t\t\t\t( function() {\n\t\t\t\t\tconst style = document.createElement( 'style' );\n\t\t\t\t\tstyle.appendChild( document.createTextNode( '#wpforms-1056-field_4-container { position: absolute !important; overflow: hidden !important; display: inline !important; height: 1px !important; width: 1px !important; z-index: -1000 !important; padding: 0 !important; } #wpforms-1056-field_4-container input { visibility: hidden; } #wpforms-conversational-form-page #wpforms-1056-field_4-container label { counter-increment: none; }' ) );\n\t\t\t\t\tdocument.head.appendChild( style );\n\t\t\t\t\tdocument.currentScript?.remove();\n\t\t\t\t} )();\n\t\t\t<\/script><\/div><!-- .wpforms-field-container --><div class=\"wpforms-submit-container\" ><input type=\"hidden\" name=\"wpforms[id]\" value=\"1056\"><input type=\"hidden\" name=\"page_title\" value=\"\"><input type=\"hidden\" name=\"page_url\" value=\"https:\/\/visionlive.klikkulture.com\/index.php?rest_route=\/wp\/v2\/pages\/13\"><input type=\"hidden\" name=\"url_referer\" value=\"\"><button type=\"submit\" name=\"wpforms[submit]\" id=\"wpforms-submit-1056\" class=\"wpforms-submit\" data-alt-text=\"Wird gesendet...\" data-submit-text=\"Schicken\" aria-live=\"assertive\" value=\"wpforms-submit\">Schicken<\/button><img decoding=\"async\" src=\"https:\/\/visionlive.klikkulture.com\/wp-content\/plugins\/wpforms-lite\/assets\/images\/submit-spin.svg\" class=\"wpforms-submit-spinner\" style=\"display: none;\" width=\"26\" height=\"26\" alt=\"Chargement en cours\"><\/div><\/form><\/div>  <!-- .wpforms-container -->\t\t\t\t<\/div>\n\t\t\t\t<\/div>\n\t\t\t\t\t<\/div>\n\t\t<\/div>\n\t\t\t\t\t<\/div>\n\t\t<\/section>\n\t\t\t\t\t<\/div>\n\t\t<\/div>\n\t\t\t\t<div class=\"elementor-column elementor-col-50 elementor-top-column elementor-element elementor-element-20e2c97\" data-id=\"20e2c97\" data-element_type=\"column\">\n\t\t\t<div class=\"elementor-widget-wrap elementor-element-populated\">\n\t\t\t\t\t\t<div class=\"elementor-element elementor-element-1e59dc51 elementor-widget elementor-widget-heading\" data-id=\"1e59dc51\" data-element_type=\"widget\" data-widget_type=\"heading.default\">\n\t\t\t\t\t<h5 class=\"elementor-heading-title elementor-size-default\">Standort<\/h5>\t\t\t\t<\/div>\n\t\t\t\t<div class=\"elementor-element elementor-element-40d5f830 elementor-widget elementor-widget-text-editor\" data-id=\"40d5f830\" data-element_type=\"widget\" data-widget_type=\"text-editor.default\">\n\t\t\t\t\t\t\t\t\t<p><em>Nordrhein-Westfalen 44628<\/em><\/p><p><a href=\"Davidalaaggayukontact@gmail.com\">+229 91-49-2142<\/a><br \/><a href=\"Davidalaaggayukontact@gmail.com\">kontakt@partnerr\u00fcckf\u00fchrungschnell.de<\/a><\/p><p>Oder<\/p><p><a href=\"Davidalaaggayukontact@gmail.com\">Davidalaaggayukontact@gmail.com<\/a><\/p>\t\t\t\t\t\t\t\t<\/div>\n\t\t\t\t<div class=\"elementor-element elementor-element-295efc0 elementor-widget elementor-widget-spacer\" data-id=\"295efc0\" data-element_type=\"widget\" data-widget_type=\"spacer.default\">\n\t\t\t\t\t\t\t<div class=\"elementor-spacer\">\n\t\t\t<div class=\"elementor-spacer-inner\"><\/div>\n\t\t<\/div>\n\t\t\t\t\t\t<\/div>\n\t\t\t\t<div class=\"elementor-element elementor-element-cf64b40 elementor-widget elementor-widget-heading\" data-id=\"cf64b40\" data-element_type=\"widget\" data-widget_type=\"heading.default\">\n\t\t\t\t\t<h5 class=\"elementor-heading-title elementor-size-default\">Standort<\/h5>\t\t\t\t<\/div>\n\t\t\t\t<div class=\"elementor-element elementor-element-ce2fdba elementor-widget elementor-widget-text-editor\" data-id=\"ce2fdba\" data-element_type=\"widget\" data-widget_type=\"text-editor.default\">\n\t\t\t\t\t\t\t\t\t<p><em>Nordrhein-Westfalen 44628<\/em><\/p><p><a href=\"Davidalaaggayukontact@gmail.com\">+229 91-49-2142<\/a><\/p><p><a href=\"Davidalaaggayukontact@gmail.com\">Davidalaaggayukontact@gmail.com<\/a><\/p>\t\t\t\t\t\t\t\t<\/div>\n\t\t\t\t\t<\/div>\n\t\t<\/div>\n\t\t\t\t\t<\/div>\n\t\t<\/section>\n\t\t\t\t<section class=\"elementor-section elementor-top-section elementor-element elementor-element-6aa3eafc elementor-section-full_width elementor-section-height-default elementor-section-height-default\" data-id=\"6aa3eafc\" data-element_type=\"section\">\n\t\t\t\t\t\t<div class=\"elementor-container elementor-column-gap-default\">\n\t\t\t\t\t<div class=\"elementor-column elementor-col-100 elementor-top-column elementor-element elementor-element-658d5e8e\" data-id=\"658d5e8e\" data-element_type=\"column\">\n\t\t\t<div class=\"elementor-widget-wrap elementor-element-populated\">\n\t\t\t\t\t\t<div class=\"elementor-element elementor-element-6b01aeeb elementor-widget elementor-widget-google_maps\" data-id=\"6b01aeeb\" data-element_type=\"widget\" data-widget_type=\"google_maps.default\">\n\t\t\t\t\t\t\t<div class=\"elementor-custom-embed\">\n\t\t\t<iframe loading=\"lazy\"\n\t\t\t\t\tsrc=\"https:\/\/maps.google.com\/maps?q=Herne&#038;t=m&#038;z=11&#038;output=embed&#038;iwloc=near\"\n\t\t\t\t\ttitle=\"Herne\"\n\t\t\t\t\taria-label=\"Herne\"\n\t\t\t><\/iframe>\n\t\t<\/div>\n\t\t\t\t\t\t<\/div>\n\t\t\t\t\t<\/div>\n\t\t<\/div>\n\t\t\t\t\t<\/div>\n\t\t<\/section>\n\t\t\t\t<\/div>\n\t\t","protected":false},"excerpt":{"rendered":"<p>Kontaktieren Sie mich Sehnen Sie sich nach Klarheit, Vers\u00f6hnung oder Harmonie? Schreiben Sie mir. Ich werde Ihnen so bald wie m\u00f6glich antworten und Ihnen aufrichtige Beratung und spirituelle L\u00f6sungen anbieten, die auf Ihre Situation zugeschnitten sind. Veuillez activer JavaScript dans votre navigateur pour remplir ce formulaire.Veuillez activer JavaScript dans votre navigateur pour remplir ce formulaire&#8230;.<\/p>\n","protected":false},"author":1,"featured_media":0,"parent":0,"menu_order":0,"comment_status":"closed","ping_status":"closed","template":"","meta":{"_kadence_starter_templates_imported_post":true,"_kad_post_transparent":"","_kad_post_title":"hide","_kad_post_layout":"fullwidth","_kad_post_sidebar_id":"","_kad_post_content_style":"unboxed","_kad_post_vertical_padding":"hide","_kad_post_feature":"hide","_kad_post_feature_position":"","_kad_post_header":false,"_kad_post_footer":false,"footnotes":""},"class_list":["post-13","page","type-page","status-publish","hentry"],"yoast_head":"<!-- This site is optimized with the Yoast SEO plugin v26.2 - https:\/\/yoast.com\/wordpress\/plugins\/seo\/ -->\n<title>Kontakt - Emotionale R\u00fcckkehr<\/title>\n<meta name=\"robots\" content=\"index, follow, max-snippet:-1, max-image-preview:large, max-video-preview:-1\" \/>\n<link rel=\"canonical\" href=\"https:\/\/visionlive.klikkulture.com\/?page_id=13\" \/>\n<meta property=\"og:locale\" content=\"fr_FR\" \/>\n<meta property=\"og:type\" content=\"article\" \/>\n<meta property=\"og:title\" content=\"Kontakt - Emotionale R\u00fcckkehr\" \/>\n<meta property=\"og:description\" content=\"Kontaktieren Sie mich Sehnen Sie sich nach Klarheit, Vers\u00f6hnung oder Harmonie? Schreiben Sie mir. Ich werde Ihnen so bald wie m\u00f6glich antworten und Ihnen aufrichtige Beratung und spirituelle L\u00f6sungen anbieten, die auf Ihre Situation zugeschnitten sind. Veuillez activer JavaScript dans votre navigateur pour remplir ce formulaire.Veuillez activer JavaScript dans votre navigateur pour remplir ce formulaire....\" \/>\n<meta property=\"og:url\" content=\"https:\/\/visionlive.klikkulture.com\/?page_id=13\" \/>\n<meta property=\"og:site_name\" content=\"Emotionale R\u00fcckkehr\" \/>\n<meta property=\"article:modified_time\" content=\"2025-11-21T20:21:15+00:00\" \/>\n<meta property=\"og:image\" content=\"https:\/\/visionlive.klikkulture.com\/wp-content\/plugins\/wpforms-lite\/assets\/images\/submit-spin.svg\" \/>\n<meta name=\"twitter:card\" content=\"summary_large_image\" \/>\n<meta name=\"twitter:label1\" content=\"Dur\u00e9e de lecture estim\u00e9e\" \/>\n\t<meta name=\"twitter:data1\" content=\"1 minute\" \/>\n<script type=\"application\/ld+json\" class=\"yoast-schema-graph\">{\"@context\":\"https:\/\/schema.org\",\"@graph\":[{\"@type\":\"WebPage\",\"@id\":\"https:\/\/visionlive.klikkulture.com\/?page_id=13\",\"url\":\"https:\/\/visionlive.klikkulture.com\/?page_id=13\",\"name\":\"Kontakt - Emotionale R\u00fcckkehr\",\"isPartOf\":{\"@id\":\"https:\/\/visionlive.klikkulture.com\/#website\"},\"primaryImageOfPage\":{\"@id\":\"https:\/\/visionlive.klikkulture.com\/?page_id=13#primaryimage\"},\"image\":{\"@id\":\"https:\/\/visionlive.klikkulture.com\/?page_id=13#primaryimage\"},\"thumbnailUrl\":\"https:\/\/visionlive.klikkulture.com\/wp-content\/plugins\/wpforms-lite\/assets\/images\/submit-spin.svg\",\"datePublished\":\"2020-10-20T15:45:14+00:00\",\"dateModified\":\"2025-11-21T20:21:15+00:00\",\"breadcrumb\":{\"@id\":\"https:\/\/visionlive.klikkulture.com\/?page_id=13#breadcrumb\"},\"inLanguage\":\"fr-FR\",\"potentialAction\":[{\"@type\":\"ReadAction\",\"target\":[\"https:\/\/visionlive.klikkulture.com\/?page_id=13\"]}]},{\"@type\":\"ImageObject\",\"inLanguage\":\"fr-FR\",\"@id\":\"https:\/\/visionlive.klikkulture.com\/?page_id=13#primaryimage\",\"url\":\"https:\/\/visionlive.klikkulture.com\/wp-content\/plugins\/wpforms-lite\/assets\/images\/submit-spin.svg\",\"contentUrl\":\"https:\/\/visionlive.klikkulture.com\/wp-content\/plugins\/wpforms-lite\/assets\/images\/submit-spin.svg\"},{\"@type\":\"BreadcrumbList\",\"@id\":\"https:\/\/visionlive.klikkulture.com\/?page_id=13#breadcrumb\",\"itemListElement\":[{\"@type\":\"ListItem\",\"position\":1,\"name\":\"Accueil\",\"item\":\"https:\/\/visionlive.klikkulture.com\/\"},{\"@type\":\"ListItem\",\"position\":2,\"name\":\"Kontakt\"}]},{\"@type\":\"WebSite\",\"@id\":\"https:\/\/visionlive.klikkulture.com\/#website\",\"url\":\"https:\/\/visionlive.klikkulture.com\/\",\"name\":\"https:\/\/visionlive.klikkulture.com\/\",\"description\":\"\",\"publisher\":{\"@id\":\"https:\/\/visionlive.klikkulture.com\/#organization\"},\"potentialAction\":[{\"@type\":\"SearchAction\",\"target\":{\"@type\":\"EntryPoint\",\"urlTemplate\":\"https:\/\/visionlive.klikkulture.com\/?s={search_term_string}\"},\"query-input\":{\"@type\":\"PropertyValueSpecification\",\"valueRequired\":true,\"valueName\":\"search_term_string\"}}],\"inLanguage\":\"fr-FR\"},{\"@type\":\"Organization\",\"@id\":\"https:\/\/visionlive.klikkulture.com\/#organization\",\"name\":\"Emotionale R\u00fcckkehr\",\"url\":\"https:\/\/visionlive.klikkulture.com\/\",\"logo\":{\"@type\":\"ImageObject\",\"inLanguage\":\"fr-FR\",\"@id\":\"https:\/\/visionlive.klikkulture.com\/#\/schema\/logo\/image\/\",\"url\":\"https:\/\/visionlive.klikkulture.com\/wp-content\/uploads\/2025\/10\/NO-HAY-GRANDEZA-DONDE-FALTA-LA-SENCILLEZ-LA\u2026.jpeg\",\"contentUrl\":\"https:\/\/visionlive.klikkulture.com\/wp-content\/uploads\/2025\/10\/NO-HAY-GRANDEZA-DONDE-FALTA-LA-SENCILLEZ-LA\u2026.jpeg\",\"width\":736,\"height\":926,\"caption\":\"Emotionale R\u00fcckkehr\"},\"image\":{\"@id\":\"https:\/\/visionlive.klikkulture.com\/#\/schema\/logo\/image\/\"}}]}<\/script>\n<!-- \/ Yoast SEO plugin. -->","yoast_head_json":{"title":"Kontakt - Emotionale R\u00fcckkehr","robots":{"index":"index","follow":"follow","max-snippet":"max-snippet:-1","max-image-preview":"max-image-preview:large","max-video-preview":"max-video-preview:-1"},"canonical":"https:\/\/visionlive.klikkulture.com\/?page_id=13","og_locale":"fr_FR","og_type":"article","og_title":"Kontakt - Emotionale R\u00fcckkehr","og_description":"Kontaktieren Sie mich Sehnen Sie sich nach Klarheit, Vers\u00f6hnung oder Harmonie? Schreiben Sie mir. Ich werde Ihnen so bald wie m\u00f6glich antworten und Ihnen aufrichtige Beratung und spirituelle L\u00f6sungen anbieten, die auf Ihre Situation zugeschnitten sind. Veuillez activer JavaScript dans votre navigateur pour remplir ce formulaire.Veuillez activer JavaScript dans votre navigateur pour remplir ce formulaire....","og_url":"https:\/\/visionlive.klikkulture.com\/?page_id=13","og_site_name":"Emotionale R\u00fcckkehr","article_modified_time":"2025-11-21T20:21:15+00:00","og_image":[{"url":"https:\/\/visionlive.klikkulture.com\/wp-content\/plugins\/wpforms-lite\/assets\/images\/submit-spin.svg","type":"","width":"","height":""}],"twitter_card":"summary_large_image","twitter_misc":{"Dur\u00e9e de lecture estim\u00e9e":"1 minute"},"schema":{"@context":"https:\/\/schema.org","@graph":[{"@type":"WebPage","@id":"https:\/\/visionlive.klikkulture.com\/?page_id=13","url":"https:\/\/visionlive.klikkulture.com\/?page_id=13","name":"Kontakt - Emotionale R\u00fcckkehr","isPartOf":{"@id":"https:\/\/visionlive.klikkulture.com\/#website"},"primaryImageOfPage":{"@id":"https:\/\/visionlive.klikkulture.com\/?page_id=13#primaryimage"},"image":{"@id":"https:\/\/visionlive.klikkulture.com\/?page_id=13#primaryimage"},"thumbnailUrl":"https:\/\/visionlive.klikkulture.com\/wp-content\/plugins\/wpforms-lite\/assets\/images\/submit-spin.svg","datePublished":"2020-10-20T15:45:14+00:00","dateModified":"2025-11-21T20:21:15+00:00","breadcrumb":{"@id":"https:\/\/visionlive.klikkulture.com\/?page_id=13#breadcrumb"},"inLanguage":"fr-FR","potentialAction":[{"@type":"ReadAction","target":["https:\/\/visionlive.klikkulture.com\/?page_id=13"]}]},{"@type":"ImageObject","inLanguage":"fr-FR","@id":"https:\/\/visionlive.klikkulture.com\/?page_id=13#primaryimage","url":"https:\/\/visionlive.klikkulture.com\/wp-content\/plugins\/wpforms-lite\/assets\/images\/submit-spin.svg","contentUrl":"https:\/\/visionlive.klikkulture.com\/wp-content\/plugins\/wpforms-lite\/assets\/images\/submit-spin.svg"},{"@type":"BreadcrumbList","@id":"https:\/\/visionlive.klikkulture.com\/?page_id=13#breadcrumb","itemListElement":[{"@type":"ListItem","position":1,"name":"Accueil","item":"https:\/\/visionlive.klikkulture.com\/"},{"@type":"ListItem","position":2,"name":"Kontakt"}]},{"@type":"WebSite","@id":"https:\/\/visionlive.klikkulture.com\/#website","url":"https:\/\/visionlive.klikkulture.com\/","name":"https:\/\/visionlive.klikkulture.com\/","description":"","publisher":{"@id":"https:\/\/visionlive.klikkulture.com\/#organization"},"potentialAction":[{"@type":"SearchAction","target":{"@type":"EntryPoint","urlTemplate":"https:\/\/visionlive.klikkulture.com\/?s={search_term_string}"},"query-input":{"@type":"PropertyValueSpecification","valueRequired":true,"valueName":"search_term_string"}}],"inLanguage":"fr-FR"},{"@type":"Organization","@id":"https:\/\/visionlive.klikkulture.com\/#organization","name":"Emotionale R\u00fcckkehr","url":"https:\/\/visionlive.klikkulture.com\/","logo":{"@type":"ImageObject","inLanguage":"fr-FR","@id":"https:\/\/visionlive.klikkulture.com\/#\/schema\/logo\/image\/","url":"https:\/\/visionlive.klikkulture.com\/wp-content\/uploads\/2025\/10\/NO-HAY-GRANDEZA-DONDE-FALTA-LA-SENCILLEZ-LA\u2026.jpeg","contentUrl":"https:\/\/visionlive.klikkulture.com\/wp-content\/uploads\/2025\/10\/NO-HAY-GRANDEZA-DONDE-FALTA-LA-SENCILLEZ-LA\u2026.jpeg","width":736,"height":926,"caption":"Emotionale R\u00fcckkehr"},"image":{"@id":"https:\/\/visionlive.klikkulture.com\/#\/schema\/logo\/image\/"}}]}},"_links":{"self":[{"href":"https:\/\/visionlive.klikkulture.com\/index.php?rest_route=\/wp\/v2\/pages\/13","targetHints":{"allow":["GET"]}}],"collection":[{"href":"https:\/\/visionlive.klikkulture.com\/index.php?rest_route=\/wp\/v2\/pages"}],"about":[{"href":"https:\/\/visionlive.klikkulture.com\/index.php?rest_route=\/wp\/v2\/types\/page"}],"author":[{"embeddable":true,"href":"https:\/\/visionlive.klikkulture.com\/index.php?rest_route=\/wp\/v2\/users\/1"}],"replies":[{"embeddable":true,"href":"https:\/\/visionlive.klikkulture.com\/index.php?rest_route=%2Fwp%2Fv2%2Fcomments&post=13"}],"version-history":[{"count":23,"href":"https:\/\/visionlive.klikkulture.com\/index.php?rest_route=\/wp\/v2\/pages\/13\/revisions"}],"predecessor-version":[{"id":1065,"href":"https:\/\/visionlive.klikkulture.com\/index.php?rest_route=\/wp\/v2\/pages\/13\/revisions\/1065"}],"wp:attachment":[{"href":"https:\/\/visionlive.klikkulture.com\/index.php?rest_route=%2Fwp%2Fv2%2Fmedia&parent=13"}],"curies":[{"name":"wp","href":"https:\/\/api.w.org\/{rel}","templated":true}]}}